{"id":705,"date":"2019-04-25T17:18:59","date_gmt":"2019-04-25T17:18:59","guid":{"rendered":"https:\/\/explore.congo-bongo.com\/travel-agencies-tour-operators\/"},"modified":"2022-05-20T15:26:03","modified_gmt":"2022-05-20T21:26:03","slug":"travel-agencies-tour-operators","status":"publish","type":"page","link":"https:\/\/explore.congo-bongo.com\/es\/travel-agencies-tour-operators\/","title":{"rendered":"Agencias de viajes y Operadores tur\u00edsticos"},"content":{"rendered":"\r\n<p>&nbsp;<\/p>\r\n\r\n\r\n\r\n<h2 class=\"wp-block-heading\"><strong>Agencias de viajes y Operadores tur\u00edsticos<\/strong><\/h2>\r\n\r\n\r\n\r\n<p><strong>Congo Bongo EcoVillage le da la bienvenida a todas las Agencias de Viajes y Operadores Tur\u00edsticos<\/strong><\/p>\r\n\r\n\r\n\r\n<p>Congo Bongo EcoVillage est\u00e1 feliz de ser una de las opciones m\u00e1s populares en Manzanillo, en la costa caribe\u00f1a de Costa Rica, ya que contamos con alta calificaci\u00f3n por parte de nuestros clientes, tambi\u00e9n reconocemos que nuestras instalaciones son ideales para familias, grupos, y parejas.<\/p>\r\n\r\n\r\n\r\n<p>Agradecer\u00edamos a todas las agencias que est\u00e1n considerando reservar con nosotros que los clientes visiten nuestro sitio web y se aseguren de que <a href=\"https:\/\/www.congo-bongo.com\/\" target=\"_blank\" rel=\"noreferrer noopener\" aria-label=\" (opens in a new tab)\">Congo Bongo EcoVillage<\/a> sea adecuado para sus vacaciones.<\/p>\r\n\r\n\r\n\r\n<p>Tambi\u00e9n sugerimos visitar <a href=\"https:\/\/www.puertoviejosatellite.com\/\" target=\"_blank\" rel=\"noreferrer noopener\" aria-label=\" (opens in a new tab)\">Puerto Viejo Satellite<\/a>, que cuenta con informaci\u00f3n completa sobre la Costa Caribe Sur de Costa Rica y es muy \u00fatil a la hora de planear unas vacaciones.<\/p>\r\n\r\n\r\n\r\n<p><strong>Las comisiones de la agencia son 20%<\/strong><\/p>\r\n\r\n\r\n\r\n<p>Para verificar la disponibilidad de la casa para sus clientes, haga <a href=\"https:\/\/www.congo-bongo.com\/es\/alquiler\/alquiler-alquileres-p0\/\" target=\"_blank\" rel=\"noreferrer noopener\" aria-label=\" (opens in a new tab)\">click aqu\u00ed <\/a>donde puede ingresar fechas y ver el calendario actualizado. Si tiene alguna pregunta o inquietud, no dude en contactarnos. Aqu\u00ed puede encontrar las versiones en PDF de nuestras\u00a0<a href=\"https:\/\/drive.google.com\/file\/d\/1Q4-pISGTOdYdy4aa3T23Oe50AxtUwZzm\/view?usp=sharing\" target=\"_blank\" rel=\"noreferrer noopener\" aria-label=\"Tarifas rack (opens in a new tab)\">Tarifas rack<\/a>\u00a0y <a href=\"https:\/\/drive.google.com\/file\/d\/1ScioQiEpeK7e50QRmu8NXwlcvS0lE9b_\/view?usp=sharing\" target=\"_blank\" rel=\"noreferrer noopener\" aria-label=\"Tarifas netas (opens in a new tab)\">Tarifas netas<\/a>.<\/p>\r\n\r\n\r\n\r\n<div class=\"wp-block-spacer\" style=\"height: 31px;\" aria-hidden=\"true\">\u00a0<\/div>\r\n\r\n\r\n\r\n\r\n\r\n<div class=\"wp-block-spacer\" style=\"height: 31px;\" aria-hidden=\"true\">\u00a0<\/div>\r\n\r\n\r\n\r\n<p>Puede hacer una reserva para su cliente utilizando nuestro calendario, pero requiere un dep\u00f3sito \u00a0bancario o de PayPal , alternativamente:<\/p>\r\n\r\n\r\n\r\n<p>&nbsp;<\/p>\r\n\r\n\r\n\r\n<ul class=\"wp-block-list\">\r\n<li><strong>Banco de Costa Rica, San Jos\u00e9, Costa Rica<\/strong>.<\/li>\r\n<\/ul>\r\n\r\n\r\n\r\n<p>Nombre en la cuenta: Daniel Nelemans<\/p>\r\n\r\n\r\n\r\n<p>ID: 152800014511<\/p>\r\n\r\n\r\n\r\n<p>N\u00famero de cuenta &#8211; d\u00f3lares: 230-49863-7<\/p>\r\n\r\n\r\n\r\n<p>SINPE: 15202230004986374<\/p>\r\n\r\n\r\n\r\n<p>IBAN:CR3515202230004986374<\/p>\r\n\r\n\r\n\r\n<p>C\u00f3digo de Banco: BCRICRSJ<\/p>\r\n\r\n\r\n\r\n<p>&nbsp;<\/p>\r\n\r\n\r\n\r\n<ul class=\"wp-block-list\">\r\n<li><strong>Banco Nacional de Costa Rica<\/strong>.<\/li>\r\n<\/ul>\r\n\r\n\r\n\r\n<p>Name of the Account: Casas Congo Bongo Manzanillo S.A<\/p>\r\n\r\n\r\n\r\n<p>ID\/ C\u00e9dula jur\u00eddica: 3-101-611435<\/p>\r\n\r\n\r\n\r\n<p>Account number dollars: 200-02-093-001166-0<\/p>\r\n\r\n\r\n\r\n<p>SINPE:15109320020011664<\/p>\r\n\r\n\r\n\r\n<p>IBAN:CR70015109320020011664<\/p>\r\n\r\n\r\n\r\n<p>Bank Code: BNCRCRSJ<\/p>\r\n\r\n\r\n\r\n<p>&nbsp;<\/p>\r\n\r\n\r\n\r\n<ul class=\"wp-block-list\">\r\n<li><strong>Scotiabank de Costa Rica S.A.<\/strong><\/li>\r\n<\/ul>\r\n\r\n\r\n\r\n<p>Nombre en la cuenta: Daniel Nelemans<\/p>\r\n\r\n\r\n\r\n<p>ID\/ C\u00e9dula jur\u00eddica: 152800014511<\/p>\r\n\r\n\r\n\r\n<p>N\u00famero de cuenta: 16002004086<\/p>\r\n\r\n\r\n\r\n<p>C\u00f3digo Banco: NOSCCRSJ<\/p>\r\n\r\n\r\n\r\n<p>&nbsp;<\/p>\r\n\r\n\r\n\r\n<ul class=\"wp-block-list\">\r\n<li><strong>ABN\/ Amro Bank, Amsterdam, Holanda.<\/strong><\/li>\r\n<\/ul>\r\n\r\n\r\n\r\n<p>Nombre en la cuenta: Daniel Nelemans<\/p>\r\n\r\n\r\n\r\n<p>IBAN: NL39ABNA0571630073<\/p>\r\n\r\n\r\n\r\n<p>C\u00f3digo de Banco: ABNANL2A<\/p>\r\n\r\n\r\n\r\n<p>&nbsp;<\/p>\r\n\r\n\r\n\r\n<p><strong>Tenga en cuenta tambi\u00e9n las siguientes pol\u00edticas y sugerencias:<\/strong><\/p>\r\n\r\n\r\n\r\n<ul class=\"wp-block-list\">\r\n<li>No permitimos mascotas<\/li>\r\n<li>Por favor, consulte nuestras <a href=\"https:\/\/www.congo-bongo.com\/general-conditions\/\" target=\"_blank\" rel=\"noreferrer noopener\" aria-label=\" (opens in a new tab)\">t\u00e9rminos y pol\u00edticas de cancelaci\u00f3n<\/a>.<\/li>\r\n<li>El permiso del Ministerio de Salud se puede encontrar <a href=\"https:\/\/drive.google.com\/file\/d\/1TAbsnHAv7TGXSZGQ06jb0GKXdqtMocKR\/view?usp=sharing\" target=\"_blank\" rel=\"noreferrer noopener\" aria-label=\" (opens in a new tab)\">aqu\u00ed<\/a>.<\/li>\r\n<li>El INS (Responsabilidad civil 0108 RCG) se puede encontrar <a href=\"https:\/\/drive.google.com\/open?id=0B274ps6ctsPvcl84aG1kWjBXMEY2T3pyUnZkUkRqOHNzUHFB\" target=\"_blank\" rel=\"noreferrer noopener\" aria-label=\" (opens in a new tab)\">aqu\u00ed<\/a>.<\/li>\r\n<li>Las Personas Juridicas se puede encontrar <a href=\"https:\/\/drive.google.com\/file\/d\/14Uqq1AM-3eeuufox1oiZ09FqqKcHzxKT\/view?usp=sharing\" target=\"_blank\" rel=\"noreferrer noopener\" aria-label=\" (opens in a new tab)\">aqu\u00ed<\/a> y <a href=\"https:\/\/drive.google.com\/file\/d\/1Bz8nsENAj5Ms802dj0wHwzyIlVveM1Tl\/view?usp=sharing\" target=\"_blank\" rel=\"noreferrer noopener\" aria-label=\" (opens in a new tab)\">aqu\u00ed<\/a>.<\/li>\r\n<\/ul>\r\n\r\n\r\n\r\n<p><strong>Reservas de viajes y transporte<\/strong><\/p>\r\n\r\n\r\n\r\n<p>Se recomienda a las agencias que necesitan ayuda en esta \u00e1rea que se comuniquen directamente con <a href=\"https:\/\/caribefuntours.rezdy.com\/?agentCode=CONGOBONGO\" target=\"_blank\" rel=\"noreferrer noopener\" aria-label=\" (opens in a new tab)\">Caribe Fun Tours<\/a>, agencia que siempre ha tenido buen servicio y retroalimentaci\u00f3n de nuestros clientes con respecto a sus servicios<strong>.<\/strong><\/p>\r\n\r\n\r\n\r\n<p>&nbsp;<\/p>\r\n","protected":false},"excerpt":{"rendered":"<p>&nbsp; Agencias de viajes y Operadores tur\u00edsticos Congo Bongo EcoVillage le da la bienvenida a todas las Agencias de Viajes&#8230;<\/p>\n","protected":false},"author":4,"featured_media":0,"parent":0,"menu_order":0,"comment_status":"closed","ping_status":"closed","template":"","meta":{"footnotes":""},"class_list":["post-705","page","type-page","status-publish","hentry"],"yoast_head":"<!-- This site is optimized with the Yoast SEO plugin v27.3 - https:\/\/yoast.com\/product\/yoast-seo-wordpress\/ -->\n<title>Agencias de viajes y Operadores tur\u00edsticos - Congo Bongo EcoVillage - Explore<\/title>\n<meta name=\"robots\" content=\"index, follow, max-snippet:-1, max-image-preview:large, max-video-preview:-1\" \/>\n<link rel=\"canonical\" href=\"https:\/\/explore.congo-bongo.com\/es\/travel-agencies-tour-operators\/\" \/>\n<meta property=\"og:locale\" content=\"es_ES\" \/>\n<meta property=\"og:type\" content=\"article\" \/>\n<meta property=\"og:title\" content=\"Agencias de viajes y Operadores tur\u00edsticos - Congo Bongo EcoVillage - Explore\" \/>\n<meta property=\"og:description\" content=\"&nbsp; Agencias de viajes y Operadores tur\u00edsticos Congo Bongo EcoVillage le da la bienvenida a todas las Agencias de Viajes...\" \/>\n<meta property=\"og:url\" content=\"https:\/\/explore.congo-bongo.com\/es\/travel-agencies-tour-operators\/\" \/>\n<meta property=\"og:site_name\" content=\"Congo Bongo EcoVillage - Explore\" \/>\n<meta property=\"article:modified_time\" content=\"2022-05-20T21:26:03+00:00\" \/>\n<meta name=\"twitter:card\" content=\"summary_large_image\" \/>\n<meta name=\"twitter:label1\" content=\"Tiempo de lectura\" \/>\n\t<meta name=\"twitter:data1\" content=\"2 minutos\" \/>\n<script type=\"application\/ld+json\" class=\"yoast-schema-graph\">{\"@context\":\"https:\\\/\\\/schema.org\",\"@graph\":[{\"@type\":\"WebPage\",\"@id\":\"https:\\\/\\\/explore.congo-bongo.com\\\/es\\\/travel-agencies-tour-operators\\\/\",\"url\":\"https:\\\/\\\/explore.congo-bongo.com\\\/es\\\/travel-agencies-tour-operators\\\/\",\"name\":\"Agencias de viajes y Operadores tur\u00edsticos - Congo Bongo EcoVillage - Explore\",\"isPartOf\":{\"@id\":\"https:\\\/\\\/explore.congo-bongo.com\\\/#website\"},\"datePublished\":\"2019-04-25T17:18:59+00:00\",\"dateModified\":\"2022-05-20T21:26:03+00:00\",\"breadcrumb\":{\"@id\":\"https:\\\/\\\/explore.congo-bongo.com\\\/es\\\/travel-agencies-tour-operators\\\/#breadcrumb\"},\"inLanguage\":\"es\",\"potentialAction\":[{\"@type\":\"ReadAction\",\"target\":[\"https:\\\/\\\/explore.congo-bongo.com\\\/es\\\/travel-agencies-tour-operators\\\/\"]}]},{\"@type\":\"BreadcrumbList\",\"@id\":\"https:\\\/\\\/explore.congo-bongo.com\\\/es\\\/travel-agencies-tour-operators\\\/#breadcrumb\",\"itemListElement\":[{\"@type\":\"ListItem\",\"position\":1,\"name\":\"Portada\",\"item\":\"https:\\\/\\\/explore.congo-bongo.com\\\/\"},{\"@type\":\"ListItem\",\"position\":2,\"name\":\"Agencias de viajes y Operadores tur\u00edsticos\"}]},{\"@type\":\"WebSite\",\"@id\":\"https:\\\/\\\/explore.congo-bongo.com\\\/#website\",\"url\":\"https:\\\/\\\/explore.congo-bongo.com\\\/\",\"name\":\"Congo Bongo EcoVillage - Explore\",\"description\":\"Congo Bongo\",\"potentialAction\":[{\"@type\":\"SearchAction\",\"target\":{\"@type\":\"EntryPoint\",\"urlTemplate\":\"https:\\\/\\\/explore.congo-bongo.com\\\/?s={search_term_string}\"},\"query-input\":{\"@type\":\"PropertyValueSpecification\",\"valueRequired\":true,\"valueName\":\"search_term_string\"}}],\"inLanguage\":\"es\"}]}<\/script>\n<!-- \/ Yoast SEO plugin. -->","yoast_head_json":{"title":"Agencias de viajes y Operadores tur\u00edsticos - Congo Bongo EcoVillage - Explore","robots":{"index":"index","follow":"follow","max-snippet":"max-snippet:-1","max-image-preview":"max-image-preview:large","max-video-preview":"max-video-preview:-1"},"canonical":"https:\/\/explore.congo-bongo.com\/es\/travel-agencies-tour-operators\/","og_locale":"es_ES","og_type":"article","og_title":"Agencias de viajes y Operadores tur\u00edsticos - Congo Bongo EcoVillage - Explore","og_description":"&nbsp; Agencias de viajes y Operadores tur\u00edsticos Congo Bongo EcoVillage le da la bienvenida a todas las Agencias de Viajes...","og_url":"https:\/\/explore.congo-bongo.com\/es\/travel-agencies-tour-operators\/","og_site_name":"Congo Bongo EcoVillage - Explore","article_modified_time":"2022-05-20T21:26:03+00:00","twitter_card":"summary_large_image","twitter_misc":{"Tiempo de lectura":"2 minutos"},"schema":{"@context":"https:\/\/schema.org","@graph":[{"@type":"WebPage","@id":"https:\/\/explore.congo-bongo.com\/es\/travel-agencies-tour-operators\/","url":"https:\/\/explore.congo-bongo.com\/es\/travel-agencies-tour-operators\/","name":"Agencias de viajes y Operadores tur\u00edsticos - Congo Bongo EcoVillage - Explore","isPartOf":{"@id":"https:\/\/explore.congo-bongo.com\/#website"},"datePublished":"2019-04-25T17:18:59+00:00","dateModified":"2022-05-20T21:26:03+00:00","breadcrumb":{"@id":"https:\/\/explore.congo-bongo.com\/es\/travel-agencies-tour-operators\/#breadcrumb"},"inLanguage":"es","potentialAction":[{"@type":"ReadAction","target":["https:\/\/explore.congo-bongo.com\/es\/travel-agencies-tour-operators\/"]}]},{"@type":"BreadcrumbList","@id":"https:\/\/explore.congo-bongo.com\/es\/travel-agencies-tour-operators\/#breadcrumb","itemListElement":[{"@type":"ListItem","position":1,"name":"Portada","item":"https:\/\/explore.congo-bongo.com\/"},{"@type":"ListItem","position":2,"name":"Agencias de viajes y Operadores tur\u00edsticos"}]},{"@type":"WebSite","@id":"https:\/\/explore.congo-bongo.com\/#website","url":"https:\/\/explore.congo-bongo.com\/","name":"Congo Bongo EcoVillage - Explore","description":"Congo Bongo","potentialAction":[{"@type":"SearchAction","target":{"@type":"EntryPoint","urlTemplate":"https:\/\/explore.congo-bongo.com\/?s={search_term_string}"},"query-input":{"@type":"PropertyValueSpecification","valueRequired":true,"valueName":"search_term_string"}}],"inLanguage":"es"}]}},"_links":{"self":[{"href":"https:\/\/explore.congo-bongo.com\/es\/wp-json\/wp\/v2\/pages\/705","targetHints":{"allow":["GET"]}}],"collection":[{"href":"https:\/\/explore.congo-bongo.com\/es\/wp-json\/wp\/v2\/pages"}],"about":[{"href":"https:\/\/explore.congo-bongo.com\/es\/wp-json\/wp\/v2\/types\/page"}],"author":[{"embeddable":true,"href":"https:\/\/explore.congo-bongo.com\/es\/wp-json\/wp\/v2\/users\/4"}],"replies":[{"embeddable":true,"href":"https:\/\/explore.congo-bongo.com\/es\/wp-json\/wp\/v2\/comments?post=705"}],"version-history":[{"count":10,"href":"https:\/\/explore.congo-bongo.com\/es\/wp-json\/wp\/v2\/pages\/705\/revisions"}],"predecessor-version":[{"id":1816,"href":"https:\/\/explore.congo-bongo.com\/es\/wp-json\/wp\/v2\/pages\/705\/revisions\/1816"}],"wp:attachment":[{"href":"https:\/\/explore.congo-bongo.com\/es\/wp-json\/wp\/v2\/media?parent=705"}],"curies":[{"name":"wp","href":"https:\/\/api.w.org\/{rel}","templated":true}]}}