{"id":1585,"date":"2021-01-09T12:32:40","date_gmt":"2021-01-09T18:32:40","guid":{"rendered":"https:\/\/explore.congo-bongo.com\/?page_id=1585"},"modified":"2026-01-14T11:11:31","modified_gmt":"2026-01-14T17:11:31","slug":"precios","status":"publish","type":"page","link":"https:\/\/explore.congo-bongo.com\/es\/precios\/","title":{"rendered":"Pagos y Pol\u00edticas"},"content":{"rendered":"\r\n<figure class=\"wp-block-image\"><img loading=\"lazy\" decoding=\"async\" width=\"1382\" height=\"444\" class=\"wp-image-375\" src=\"https:\/\/explore.congo-bongo.com\/wp-content\/uploads\/2019\/02\/Pricing.jpg\" alt=\"\" srcset=\"https:\/\/explore.congo-bongo.com\/wp-content\/uploads\/2019\/02\/Pricing.jpg 1382w, https:\/\/explore.congo-bongo.com\/wp-content\/uploads\/2019\/02\/Pricing-300x96.jpg 300w, https:\/\/explore.congo-bongo.com\/wp-content\/uploads\/2019\/02\/Pricing-768x247.jpg 768w, https:\/\/explore.congo-bongo.com\/wp-content\/uploads\/2019\/02\/Pricing-1024x329.jpg 1024w\" sizes=\"auto, (max-width: 1382px) 100vw, 1382px\" \/><\/figure>\r\n<hr \/>\r\n<h4><span style=\"color: #537629;\"><strong> Pagos y Pol\u00edticas<\/strong><\/span><\/h4>\r\n<ul class=\"fa-ul\">\r\n<li>Con el fin de confirmar su reservaci\u00f3n, se requiere un dep\u00f3sito de 25% de la cantidad total a pagar.<\/li>\r\n<li>El saldo del 75% de su reserva debe pagarse en efectivo a la llegada o con PayPal. Si paga con PayPal, tenga en cuenta que se agrega una tarifa de PayPal del <span style=\"color: #000000;\">5.8% de comisi\u00f3n.<\/span><\/li>\r\n<li>El dep\u00f3sito se puede pagar con PayPal, BCR (Banco de Costa Rica), ABN\/Amro, o criptomonedas.<\/li>\r\n<li>El dep\u00f3sito no es reembolsable, pero puede reprogramar su reserva hasta 10 d\u00edas antes de la fecha de entrada.<\/li>\r\n<li>El saldo de su reserva debe pagarse en efectivo a la llegada.<\/li>\r\n<li>Aceptamos d\u00f3lares estadounidenses (USD) o Colones (CRC).<\/li>\r\n<li>No se aceptan tarjetas de cr\u00e9dito o cheques de viajero.<\/li>\r\n<li>Una reservaci\u00f3n debe cubrir un m\u00ednimo de 2 noches.<\/li>\r\n<li>Hora de entrada: 2:00 pm (1400H)<\/li>\r\n<li>Hora de salida: 10:00 am (1000H)<\/li>\r\n<li class=\"fa-ul-lsp\">Nuestros t\u00e9rminos y condiciones <em><strong><a href=\"https:\/\/www.congo-bongo.com\/general-conditions\/\" target=\"_blank\" rel=\"noopener noreferrer\">aqu\u00ed<\/a><\/strong><\/em><\/li>\r\n<\/ul>\r\n<hr \/>\r\n<h4><span style=\"color: #537629;\">Informaci\u00f3n de Precios<\/span><\/h4>\r\n<ul>\r\n<li>Las tarifas est\u00e1n basadas en ocupaci\u00f3n doble por noche.<\/li>\r\n<li>Persona Adicional, $15.<\/li>\r\n<li>Ni\u00f1os menores de 6 a\u00f1os, gratis.<\/li>\r\n<li>Hospesdese una noche GRATIS por cada 7 noches reservadas, Hospedese 7-pague 6, Hospedese 14- pague 12.<\/li>\r\n<\/ul>\r\n<hr \/>\r\n<h4><span style=\"color: #537629;\">Acerca de nuestras Casas Ecologicas <\/span><\/h4>\r\n<p>Todas las casas:<\/p>\r\n<ul>\r\n<li>Tiene dormitorios que puedan cerrarse con llave por completo y que tienen cajas de seguridad.<\/li>\r\n<li>Est\u00e1n bien protegidas y todas las camas en todas las casas tienen mosquiteros, excepto las dos<\/li>\r\n<li>habitaciones con aire acondicionado en River Dream House y la habitaci\u00f3n con aire acondicionado en Sweet Dream House.<\/li>\r\n<li>Dispone de cocina totalmente equipadas.<\/li>\r\n<li>Tiene duchas con agua caliente calentadas\u00a0a gas.<\/li>\r\n<li>Tiene grandes porches con una hamaca, mecedoras y barbacoa.<\/li>\r\n<li>Tiene \u00e1reas de estar al aire libre.<\/li>\r\n<li>Tiene una vista a los jardines tropicales y la vida silvestre.<\/li>\r\n<li>Limpieza <span style=\"color: #000000;\">gratuita<\/span> diaria de la casa.<\/li>\r\n<\/ul>\r\n<hr \/>\r\n<h4><span style=\"color: #537629;\">Extras<\/span><\/h4>\r\n<p>Incluido en su alojamiento:<\/p>\r\n<ul class=\"fa-ul\">\r\n<li>Una botella de vino tinto.<\/li>\r\n<li>Wi-Fi gratis.<\/li>\r\n<li>Agua de manantial fresca filtrada.<\/li>\r\n<li>Servicio de lavander\u00eda.<\/li>\r\n<\/ul>\r\n\r\n<div class=\"wp-block-image\">\r\n<figure class=\"alignleft\"><a href=\"https:\/\/www.congo-bongo.com\/es\/alquiler\/alquiler-alquileres-d0\/\" target=\"_blank\" rel=\"noreferrer noopener\"><img loading=\"lazy\" decoding=\"async\" width=\"130\" height=\"34\" class=\"wp-image-753\" src=\"https:\/\/explore.congo-bongo.com\/wp-content\/uploads\/2019\/02\/BOTON_RESERVAR.png\" alt=\"\" \/><\/a><\/figure>\r\n<\/div>\r\n","protected":false},"excerpt":{"rendered":"<p>Pagos y Pol\u00edticas Con el fin de confirmar su reservaci\u00f3n, se requiere un dep\u00f3sito de 25% de la cantidad total&#8230;<\/p>\n","protected":false},"author":4,"featured_media":0,"parent":0,"menu_order":0,"comment_status":"closed","ping_status":"closed","template":"","meta":{"footnotes":""},"class_list":["post-1585","page","type-page","status-publish","hentry"],"yoast_head":"<!-- This site is optimized with the Yoast SEO plugin v27.5 - https:\/\/yoast.com\/product\/yoast-seo-wordpress\/ -->\n<title>Pagos y Pol\u00edticas - Congo Bongo EcoVillage - Explore<\/title>\n<meta name=\"robots\" content=\"index, follow, max-snippet:-1, max-image-preview:large, max-video-preview:-1\" \/>\n<link rel=\"canonical\" href=\"https:\/\/explore.congo-bongo.com\/es\/precios\/\" \/>\n<meta property=\"og:locale\" content=\"es_ES\" \/>\n<meta property=\"og:type\" content=\"article\" \/>\n<meta property=\"og:title\" content=\"Pagos y Pol\u00edticas - Congo Bongo EcoVillage - Explore\" \/>\n<meta property=\"og:description\" content=\"Pagos y Pol\u00edticas Con el fin de confirmar su reservaci\u00f3n, se requiere un dep\u00f3sito de 25% de la cantidad total...\" \/>\n<meta property=\"og:url\" content=\"https:\/\/explore.congo-bongo.com\/es\/precios\/\" \/>\n<meta property=\"og:site_name\" content=\"Congo Bongo EcoVillage - Explore\" \/>\n<meta property=\"article:modified_time\" content=\"2026-01-14T17:11:31+00:00\" \/>\n<meta property=\"og:image\" content=\"https:\/\/explore.congo-bongo.com\/wp-content\/uploads\/2019\/02\/Pricing.jpg\" \/>\n\t<meta property=\"og:image:width\" content=\"1382\" \/>\n\t<meta property=\"og:image:height\" content=\"444\" \/>\n\t<meta property=\"og:image:type\" content=\"image\/jpeg\" \/>\n<meta name=\"twitter:card\" content=\"summary_large_image\" \/>\n<meta name=\"twitter:label1\" content=\"Tiempo de lectura\" \/>\n\t<meta name=\"twitter:data1\" content=\"2 minutos\" \/>\n<script type=\"application\/ld+json\" class=\"yoast-schema-graph\">{\"@context\":\"https:\\\/\\\/schema.org\",\"@graph\":[{\"@type\":\"WebPage\",\"@id\":\"https:\\\/\\\/explore.congo-bongo.com\\\/es\\\/precios\\\/\",\"url\":\"https:\\\/\\\/explore.congo-bongo.com\\\/es\\\/precios\\\/\",\"name\":\"Pagos y Pol\u00edticas - Congo Bongo EcoVillage - Explore\",\"isPartOf\":{\"@id\":\"https:\\\/\\\/explore.congo-bongo.com\\\/es\\\/#website\"},\"primaryImageOfPage\":{\"@id\":\"https:\\\/\\\/explore.congo-bongo.com\\\/es\\\/precios\\\/#primaryimage\"},\"image\":{\"@id\":\"https:\\\/\\\/explore.congo-bongo.com\\\/es\\\/precios\\\/#primaryimage\"},\"thumbnailUrl\":\"https:\\\/\\\/explore.congo-bongo.com\\\/wp-content\\\/uploads\\\/2019\\\/02\\\/Pricing.jpg\",\"datePublished\":\"2021-01-09T18:32:40+00:00\",\"dateModified\":\"2026-01-14T17:11:31+00:00\",\"breadcrumb\":{\"@id\":\"https:\\\/\\\/explore.congo-bongo.com\\\/es\\\/precios\\\/#breadcrumb\"},\"inLanguage\":\"es\",\"potentialAction\":[{\"@type\":\"ReadAction\",\"target\":[\"https:\\\/\\\/explore.congo-bongo.com\\\/es\\\/precios\\\/\"]}]},{\"@type\":\"ImageObject\",\"inLanguage\":\"es\",\"@id\":\"https:\\\/\\\/explore.congo-bongo.com\\\/es\\\/precios\\\/#primaryimage\",\"url\":\"https:\\\/\\\/explore.congo-bongo.com\\\/wp-content\\\/uploads\\\/2019\\\/02\\\/Pricing.jpg\",\"contentUrl\":\"https:\\\/\\\/explore.congo-bongo.com\\\/wp-content\\\/uploads\\\/2019\\\/02\\\/Pricing.jpg\"},{\"@type\":\"BreadcrumbList\",\"@id\":\"https:\\\/\\\/explore.congo-bongo.com\\\/es\\\/precios\\\/#breadcrumb\",\"itemListElement\":[{\"@type\":\"ListItem\",\"position\":1,\"name\":\"Portada\",\"item\":\"https:\\\/\\\/explore.congo-bongo.com\\\/es\\\/\"},{\"@type\":\"ListItem\",\"position\":2,\"name\":\"Pagos y Pol\u00edticas\"}]},{\"@type\":\"WebSite\",\"@id\":\"https:\\\/\\\/explore.congo-bongo.com\\\/es\\\/#website\",\"url\":\"https:\\\/\\\/explore.congo-bongo.com\\\/es\\\/\",\"name\":\"Congo Bongo EcoVillage - Explore\",\"description\":\"Congo Bongo\",\"potentialAction\":[{\"@type\":\"SearchAction\",\"target\":{\"@type\":\"EntryPoint\",\"urlTemplate\":\"https:\\\/\\\/explore.congo-bongo.com\\\/es\\\/?s={search_term_string}\"},\"query-input\":{\"@type\":\"PropertyValueSpecification\",\"valueRequired\":true,\"valueName\":\"search_term_string\"}}],\"inLanguage\":\"es\"}]}<\/script>\n<!-- \/ Yoast SEO plugin. -->","yoast_head_json":{"title":"Pagos y Pol\u00edticas - Congo Bongo EcoVillage - Explore","robots":{"index":"index","follow":"follow","max-snippet":"max-snippet:-1","max-image-preview":"max-image-preview:large","max-video-preview":"max-video-preview:-1"},"canonical":"https:\/\/explore.congo-bongo.com\/es\/precios\/","og_locale":"es_ES","og_type":"article","og_title":"Pagos y Pol\u00edticas - Congo Bongo EcoVillage - Explore","og_description":"Pagos y Pol\u00edticas Con el fin de confirmar su reservaci\u00f3n, se requiere un dep\u00f3sito de 25% de la cantidad total...","og_url":"https:\/\/explore.congo-bongo.com\/es\/precios\/","og_site_name":"Congo Bongo EcoVillage - Explore","article_modified_time":"2026-01-14T17:11:31+00:00","og_image":[{"width":1382,"height":444,"url":"https:\/\/explore.congo-bongo.com\/wp-content\/uploads\/2019\/02\/Pricing.jpg","type":"image\/jpeg"}],"twitter_card":"summary_large_image","twitter_misc":{"Tiempo de lectura":"2 minutos"},"schema":{"@context":"https:\/\/schema.org","@graph":[{"@type":"WebPage","@id":"https:\/\/explore.congo-bongo.com\/es\/precios\/","url":"https:\/\/explore.congo-bongo.com\/es\/precios\/","name":"Pagos y Pol\u00edticas - Congo Bongo EcoVillage - Explore","isPartOf":{"@id":"https:\/\/explore.congo-bongo.com\/es\/#website"},"primaryImageOfPage":{"@id":"https:\/\/explore.congo-bongo.com\/es\/precios\/#primaryimage"},"image":{"@id":"https:\/\/explore.congo-bongo.com\/es\/precios\/#primaryimage"},"thumbnailUrl":"https:\/\/explore.congo-bongo.com\/wp-content\/uploads\/2019\/02\/Pricing.jpg","datePublished":"2021-01-09T18:32:40+00:00","dateModified":"2026-01-14T17:11:31+00:00","breadcrumb":{"@id":"https:\/\/explore.congo-bongo.com\/es\/precios\/#breadcrumb"},"inLanguage":"es","potentialAction":[{"@type":"ReadAction","target":["https:\/\/explore.congo-bongo.com\/es\/precios\/"]}]},{"@type":"ImageObject","inLanguage":"es","@id":"https:\/\/explore.congo-bongo.com\/es\/precios\/#primaryimage","url":"https:\/\/explore.congo-bongo.com\/wp-content\/uploads\/2019\/02\/Pricing.jpg","contentUrl":"https:\/\/explore.congo-bongo.com\/wp-content\/uploads\/2019\/02\/Pricing.jpg"},{"@type":"BreadcrumbList","@id":"https:\/\/explore.congo-bongo.com\/es\/precios\/#breadcrumb","itemListElement":[{"@type":"ListItem","position":1,"name":"Portada","item":"https:\/\/explore.congo-bongo.com\/es\/"},{"@type":"ListItem","position":2,"name":"Pagos y Pol\u00edticas"}]},{"@type":"WebSite","@id":"https:\/\/explore.congo-bongo.com\/es\/#website","url":"https:\/\/explore.congo-bongo.com\/es\/","name":"Congo Bongo EcoVillage - Explore","description":"Congo Bongo","potentialAction":[{"@type":"SearchAction","target":{"@type":"EntryPoint","urlTemplate":"https:\/\/explore.congo-bongo.com\/es\/?s={search_term_string}"},"query-input":{"@type":"PropertyValueSpecification","valueRequired":true,"valueName":"search_term_string"}}],"inLanguage":"es"}]}},"_links":{"self":[{"href":"https:\/\/explore.congo-bongo.com\/es\/wp-json\/wp\/v2\/pages\/1585","targetHints":{"allow":["GET"]}}],"collection":[{"href":"https:\/\/explore.congo-bongo.com\/es\/wp-json\/wp\/v2\/pages"}],"about":[{"href":"https:\/\/explore.congo-bongo.com\/es\/wp-json\/wp\/v2\/types\/page"}],"author":[{"embeddable":true,"href":"https:\/\/explore.congo-bongo.com\/es\/wp-json\/wp\/v2\/users\/4"}],"replies":[{"embeddable":true,"href":"https:\/\/explore.congo-bongo.com\/es\/wp-json\/wp\/v2\/comments?post=1585"}],"version-history":[{"count":9,"href":"https:\/\/explore.congo-bongo.com\/es\/wp-json\/wp\/v2\/pages\/1585\/revisions"}],"predecessor-version":[{"id":2381,"href":"https:\/\/explore.congo-bongo.com\/es\/wp-json\/wp\/v2\/pages\/1585\/revisions\/2381"}],"wp:attachment":[{"href":"https:\/\/explore.congo-bongo.com\/es\/wp-json\/wp\/v2\/media?parent=1585"}],"curies":[{"name":"wp","href":"https:\/\/api.w.org\/{rel}","templated":true}]}}